{"id":1582,"date":"2016-08-30T12:59:04","date_gmt":"2016-08-30T12:59:04","guid":{"rendered":"https:\/\/calafate.demo-heythemers.com\/?page_id=1582"},"modified":"2023-01-26T12:40:37","modified_gmt":"2023-01-26T11:40:37","slug":"a-propos","status":"publish","type":"page","link":"https:\/\/larnocom.net\/freelance\/a-propos\/","title":{"rendered":"\u00e0 propos"},"content":{"rendered":"<div class=\"grid kcm\">\n<div class=\"grid__item two-twelfths portable--auto lap--auto palm--auto top-no-padding bottom-no-padding \" data-style=\"undefined\">\n<p class=\"p1\" style=\"text-align: right;\"><span class=\"s1\" style=\"color: #cccccc;\"><span style=\"color: #999999;\">Vous avez un projet print ou digital, n&rsquo;h\u00e9sitez pas \u00e0 me contacter<\/span><br \/><a href=\"mailto:ad@arnaud-decotte.com\"><span style=\"font-size: 12px;\">ad@arnaud-decotte.com<\/span><\/a><br \/><\/span><\/p>\n<\/div>\n<div class=\"grid__item one-twelfth portable--auto lap--auto palm--auto top-no-padding bottom-no-padding \" data-style=\"undefined\">&nbsp;<\/div>\n<div class=\"grid__item seven-twelfths portable--auto lap--auto palm--auto top-no-padding bottom-medium-padding \" data-style=\"undefined\">\n<p class=\"p1\"><span style=\"color: #999999;\">Bio.<\/span><\/p>\n<h2 class=\"p1\"><span class=\"s1\"><strong>Apr\u00e8s des \u00e9tudes de m\u00e9diation culturelle et une dizaine d&rsquo;ann\u00e9es \u00e0 travailler pour des \u00e9v\u00e9nements d&rsquo;art contemporain, des compagnies de spectacles vivants, des lieux culturels,&nbsp; j&rsquo;ai eu envie de me former \u00e0 un nouvel outil qui \u00e9mergeait&#8230; Internet.<br \/><\/strong><\/span>Passionn\u00e9 par la cr\u00e9ation d\u2019univers graphiques,&nbsp; voil\u00e0 plus de 15 ans que je vous propose des cr\u00e9ations digitales et print.<\/h2>\n<p class=\"p1\"><strong><span class=\"s1\"><br \/><\/span><span class=\"s1\">Ind\u00e9pendant, install\u00e9 dans les Hautes-Pyr\u00e9n\u00e9es, je travaille sans fronti\u00e8res<\/span><span class=\"s1\"> pour des entreprises, des associations et les agences de com<br \/><\/span><\/strong><\/p>\n<\/div>\n<div class=\"grid__item three-twelfths portable--auto lap--auto palm--auto top-no-padding bottom-no-padding \" data-style=\"undefined\">&nbsp;<\/div>\n<div class=\"grid__item seven-twelfths portable--auto lap--auto palm--auto top-no-padding bottom-no-padding \" data-style=\"undefined\">\n<p><span style=\"color: #999999;\">Clients.<\/span><\/p>\n<h2 class=\"p1\"><span class=\"s1\"><strong>Golf en T\u00eate <\/strong><span style=\"font-size: 12px;\">acad\u00e9mie de golf<\/span><\/span><span class=\"s1\" style=\"font-size: 28px;\"><strong> \/ <\/strong><\/span><span class=\"s1\"><strong>Gapa Golf <\/strong><\/span><span class=\"s1\" style=\"font-size: 12px;\">\u00e9v\u00e9nementiel <strong>golf <span style=\"font-size: 21px;\"><span style=\"font-size: 28px;\">\/<\/span><\/span><\/strong><\/span><span class=\"s1\"><strong> Schizographes <span style=\"font-size: 12px;\">collectif de photographes<\/span><\/strong><strong><span style=\"font-size: 12px;\"><span style=\"font-size: 21px;\"><span style=\"font-size: 28px;\"> \/<\/span><\/span><\/span>Tom Dolan<\/strong><span style=\"font-size: 12px;\"> skipper<\/span><strong>\/ Fran\u00e7ois Jambou <\/strong><span style=\"font-size: 12px;\">skipper<\/span><strong>\/ Fabio Muzzolini <\/strong><span style=\"font-size: 12px;\">skipper<\/span><strong>\/ Ch\u00e2teau la Dorgonne <\/strong><span style=\"font-size: 12px;\">Domaine viticole<\/span><strong> \/ Sud Rh\u00f4ne Environnement <\/strong><span style=\"font-size: 12px;\">syndicat mixte<\/span><strong> \/ Sensation Sailing <\/strong><span style=\"font-size: 12px;\">excursions voile<\/span><strong> \/ Christian Baur <\/strong><span style=\"font-size: 12px;\">ma\u00e7on terre crue<\/span><strong> \/ D\u00e9tours Pyr\u00e9n\u00e9ens <\/strong><span style=\"font-size: 12px;\">incoming tour operator<\/span><strong> \/ Pouyastruc <\/strong><span style=\"font-size: 12px;\">mairie<\/span><strong>\/ Aramon <\/strong><span style=\"font-size: 12px;\">mairie<\/span><strong>\/ Les Cocottes de Clarisse<\/strong><span style=\"font-size: 12px;\"> soupes bios<\/span><strong> \/ Le Diodon Borgne <\/strong><span style=\"font-size: 12px;\">club de plong\u00e9e<\/span><strong> \/ Pyr\u00e9n\u00e9es Isolation Confort <\/strong><span style=\"font-size: 12px;\">menuiserie<\/span><strong> \/ L&rsquo;Offrande Musicale <\/strong><span style=\"font-size: 12px;\">festival musique classique<\/span><strong> \/ <\/strong><\/span><span class=\"s1\"><strong>Fabien Malot <\/strong><span style=\"font-size: 12px;\">photographe<\/span><strong> \/ TCP <\/strong><span style=\"font-size: 12px;\">club de tennis <\/span><\/span><span class=\"s1\"><strong>\/ Yvette, l&rsquo;agence qui garbure <\/strong><span style=\"font-size: 12px;\">Agence de communication<\/span><\/span><\/h2>\n<\/div>\n<div class=\"grid__item three-twelfths portable--auto lap--auto palm--auto top-no-padding bottom-no-padding \" data-style=\"undefined\">&nbsp;<\/div>\n<div class=\"grid__item seven-twelfths portable--auto lap--auto palm--auto top-medium-padding bottom-no-padding   \" data-style=\"undefined\">\n<p><span style=\"color: #999999;\">Testimoniaux.<\/span><\/p>\n<p style=\"text-align: left;\">\u00ab\u00a0<em>Arnaud, on ne le voit pas beaucoup, il pr\u00e9f\u00e8re travailler de chez lui. Pour la vue Pyr\u00e9n\u00e9es, bien s\u00fbr, pour se cultiver encore et toujours entre podcasts et musique seventies, mais aussi parce qu\u2019il aime aller au fond des choses sans compter son temps. Qu\u2019il s\u2019agisse d\u2019apprendre la brique de terre crue pour r\u00e9nover sa maison ou de s\u2019investir dans l\u2019univers d\u2019une entreprise pour cr\u00e9er son site internet. Venu du monde de la culture, c\u2019est lors de son \u00e9tablissement en Guadeloupe qu\u2019il se reconvertit dans le site web. Le codage, le r\u00e9f\u00e9rencement\u2026 tout \u00e7a n\u2019a plus de secret pour lui. Mais pour nous si, c\u2019est pour \u00e7a qu\u2019\u00e0 l\u2019agence nous lui accordons toute notre confiance pour la cr\u00e9ation de sites.<\/em> \u00bb<\/p>\n<p style=\"text-align: right;\"><strong>Beno\u00eet Braunstein<\/strong>, co-g\u00e9rant d\u2019Yvette l\u2019agence qui garbure<\/p>\n<p><em><br \/>\u00ab Connaissant les qualit\u00e9s d\u2019Arnaud au travers de nos activit\u00e9s associatives communes, lors du lancement de D\u00e9tours Pyr\u00e9n\u00e9ens, nous n\u2019avons pas h\u00e9sit\u00e9 \u00e0 lui confier l\u2019\u00e9laboration de notre charte graphique ainsi que notre site internet. Son \u00e9coute et sa cr\u00e9ativit\u00e9 ont \u00e9t\u00e9 les garants du succ\u00e8s de notre collaboration.<\/em> \u00bb<\/p>\n<p style=\"text-align: right;\"><strong>V\u00e9ronique Abbadie<\/strong>, pdg D\u00e9tours Pyr\u00e9n\u00e9ens<\/p>\n<\/div>\n<\/div>\n","protected":false},"excerpt":{"rendered":"<p>Vous avez un projet print ou digital, n&rsquo;h\u00e9sitez pas \u00e0 me contacterad@arnaud-decotte.com &nbsp; Bio. Apr\u00e8s des \u00e9tudes de m\u00e9diation culturelle et une dizaine d&rsquo;ann\u00e9es \u00e0 travailler pour des \u00e9v\u00e9nements d&rsquo;art contemporain, des compagnies de spectacles vivants, des lieux culturels,&nbsp; j&rsquo;ai eu envie de me former \u00e0 un nouvel outil qui \u00e9mergeait&#8230; Internet.Passionn\u00e9 par la cr\u00e9ation [&hellip;]<\/p>\n","protected":false},"author":1,"featured_media":0,"parent":0,"menu_order":0,"comment_status":"closed","ping_status":"closed","template":"","meta":{"footnotes":""},"class_list":["post-1582","page","type-page","status-publish","hentry"],"acf":[],"yoast_head":"<!-- This site is optimized with the Yoast SEO plugin v25.2 - https:\/\/yoast.com\/wordpress\/plugins\/seo\/ -->\n<title>\u00e0 propos | Arnaud Decotte Designer graphique freelance<\/title>\n<meta name=\"robots\" content=\"index, follow, max-snippet:-1, max-image-preview:large, max-video-preview:-1\" \/>\n<link rel=\"canonical\" href=\"https:\/\/larnocom.net\/freelance\/a-propos\/\" \/>\n<meta property=\"og:locale\" content=\"fr_FR\" \/>\n<meta property=\"og:type\" content=\"article\" \/>\n<meta property=\"og:title\" content=\"\u00e0 propos | Arnaud Decotte Designer graphique freelance\" \/>\n<meta property=\"og:description\" content=\"Vous avez un projet print ou digital, n&rsquo;h\u00e9sitez pas \u00e0 me contacterad@arnaud-decotte.com &nbsp; Bio. Apr\u00e8s des \u00e9tudes de m\u00e9diation culturelle et une dizaine d&rsquo;ann\u00e9es \u00e0 travailler pour des \u00e9v\u00e9nements d&rsquo;art contemporain, des compagnies de spectacles vivants, des lieux culturels,&nbsp; j&rsquo;ai eu envie de me former \u00e0 un nouvel outil qui \u00e9mergeait&#8230; Internet.Passionn\u00e9 par la cr\u00e9ation [&hellip;]\" \/>\n<meta property=\"og:url\" content=\"https:\/\/larnocom.net\/freelance\/a-propos\/\" \/>\n<meta property=\"og:site_name\" content=\"Arnaud Decotte Designer graphique freelance\" \/>\n<meta property=\"article:publisher\" content=\"https:\/\/www.facebook.com\/AD.freelance\" \/>\n<meta property=\"article:modified_time\" content=\"2023-01-26T11:40:37+00:00\" \/>\n<meta name=\"twitter:card\" content=\"summary_large_image\" \/>\n<meta name=\"twitter:label1\" content=\"Dur\u00e9e de lecture estim\u00e9e\" \/>\n\t<meta name=\"twitter:data1\" content=\"2 minutes\" \/>\n<script type=\"application\/ld+json\" class=\"yoast-schema-graph\">{\"@context\":\"https:\/\/schema.org\",\"@graph\":[{\"@type\":\"WebPage\",\"@id\":\"https:\/\/larnocom.net\/freelance\/a-propos\/\",\"url\":\"https:\/\/larnocom.net\/freelance\/a-propos\/\",\"name\":\"\u00e0 propos | Arnaud Decotte Designer graphique freelance\",\"isPartOf\":{\"@id\":\"https:\/\/larnocom.net\/freelance\/#website\"},\"datePublished\":\"2016-08-30T12:59:04+00:00\",\"dateModified\":\"2023-01-26T11:40:37+00:00\",\"breadcrumb\":{\"@id\":\"https:\/\/larnocom.net\/freelance\/a-propos\/#breadcrumb\"},\"inLanguage\":\"fr-FR\",\"potentialAction\":[{\"@type\":\"ReadAction\",\"target\":[\"https:\/\/larnocom.net\/freelance\/a-propos\/\"]}]},{\"@type\":\"BreadcrumbList\",\"@id\":\"https:\/\/larnocom.net\/freelance\/a-propos\/#breadcrumb\",\"itemListElement\":[{\"@type\":\"ListItem\",\"position\":1,\"name\":\"Accueil\",\"item\":\"https:\/\/larnocom.net\/freelance\/\"},{\"@type\":\"ListItem\",\"position\":2,\"name\":\"\u00e0 propos\"}]},{\"@type\":\"WebSite\",\"@id\":\"https:\/\/larnocom.net\/freelance\/#website\",\"url\":\"https:\/\/larnocom.net\/freelance\/\",\"name\":\"Arnaud Decotte | Graphiste webdesigner Tarbes\",\"description\":\"Graphiste webdesigner Hautes-Pyr\u00e9n\u00e9es\",\"publisher\":{\"@id\":\"https:\/\/larnocom.net\/freelance\/#organization\"},\"alternateName\":\"AD Graphiste Tarbes\",\"potentialAction\":[{\"@type\":\"SearchAction\",\"target\":{\"@type\":\"EntryPoint\",\"urlTemplate\":\"https:\/\/larnocom.net\/freelance\/?s={search_term_string}\"},\"query-input\":{\"@type\":\"PropertyValueSpecification\",\"valueRequired\":true,\"valueName\":\"search_term_string\"}}],\"inLanguage\":\"fr-FR\"},{\"@type\":\"Organization\",\"@id\":\"https:\/\/larnocom.net\/freelance\/#organization\",\"name\":\"AD grahiste webdesigner freelance\",\"alternateName\":\"Arnaud Decotte\",\"url\":\"https:\/\/larnocom.net\/freelance\/\",\"logo\":{\"@type\":\"ImageObject\",\"inLanguage\":\"fr-FR\",\"@id\":\"https:\/\/larnocom.net\/freelance\/#\/schema\/logo\/image\/\",\"url\":\"https:\/\/larnocom.net\/freelance\/wp-content\/uploads\/2021\/05\/fb-ad.jpg\",\"contentUrl\":\"https:\/\/larnocom.net\/freelance\/wp-content\/uploads\/2021\/05\/fb-ad.jpg\",\"width\":500,\"height\":500,\"caption\":\"AD grahiste webdesigner freelance\"},\"image\":{\"@id\":\"https:\/\/larnocom.net\/freelance\/#\/schema\/logo\/image\/\"},\"sameAs\":[\"https:\/\/www.facebook.com\/AD.freelance\"]}]}<\/script>\n<!-- \/ Yoast SEO plugin. -->","yoast_head_json":{"title":"\u00e0 propos | Arnaud Decotte Designer graphique freelance","robots":{"index":"index","follow":"follow","max-snippet":"max-snippet:-1","max-image-preview":"max-image-preview:large","max-video-preview":"max-video-preview:-1"},"canonical":"https:\/\/larnocom.net\/freelance\/a-propos\/","og_locale":"fr_FR","og_type":"article","og_title":"\u00e0 propos | Arnaud Decotte Designer graphique freelance","og_description":"Vous avez un projet print ou digital, n&rsquo;h\u00e9sitez pas \u00e0 me contacterad@arnaud-decotte.com &nbsp; Bio. Apr\u00e8s des \u00e9tudes de m\u00e9diation culturelle et une dizaine d&rsquo;ann\u00e9es \u00e0 travailler pour des \u00e9v\u00e9nements d&rsquo;art contemporain, des compagnies de spectacles vivants, des lieux culturels,&nbsp; j&rsquo;ai eu envie de me former \u00e0 un nouvel outil qui \u00e9mergeait&#8230; Internet.Passionn\u00e9 par la cr\u00e9ation [&hellip;]","og_url":"https:\/\/larnocom.net\/freelance\/a-propos\/","og_site_name":"Arnaud Decotte Designer graphique freelance","article_publisher":"https:\/\/www.facebook.com\/AD.freelance","article_modified_time":"2023-01-26T11:40:37+00:00","twitter_card":"summary_large_image","twitter_misc":{"Dur\u00e9e de lecture estim\u00e9e":"2 minutes"},"schema":{"@context":"https:\/\/schema.org","@graph":[{"@type":"WebPage","@id":"https:\/\/larnocom.net\/freelance\/a-propos\/","url":"https:\/\/larnocom.net\/freelance\/a-propos\/","name":"\u00e0 propos | Arnaud Decotte Designer graphique freelance","isPartOf":{"@id":"https:\/\/larnocom.net\/freelance\/#website"},"datePublished":"2016-08-30T12:59:04+00:00","dateModified":"2023-01-26T11:40:37+00:00","breadcrumb":{"@id":"https:\/\/larnocom.net\/freelance\/a-propos\/#breadcrumb"},"inLanguage":"fr-FR","potentialAction":[{"@type":"ReadAction","target":["https:\/\/larnocom.net\/freelance\/a-propos\/"]}]},{"@type":"BreadcrumbList","@id":"https:\/\/larnocom.net\/freelance\/a-propos\/#breadcrumb","itemListElement":[{"@type":"ListItem","position":1,"name":"Accueil","item":"https:\/\/larnocom.net\/freelance\/"},{"@type":"ListItem","position":2,"name":"\u00e0 propos"}]},{"@type":"WebSite","@id":"https:\/\/larnocom.net\/freelance\/#website","url":"https:\/\/larnocom.net\/freelance\/","name":"Arnaud Decotte | Graphiste webdesigner Tarbes","description":"Graphiste webdesigner Hautes-Pyr\u00e9n\u00e9es","publisher":{"@id":"https:\/\/larnocom.net\/freelance\/#organization"},"alternateName":"AD Graphiste Tarbes","potentialAction":[{"@type":"SearchAction","target":{"@type":"EntryPoint","urlTemplate":"https:\/\/larnocom.net\/freelance\/?s={search_term_string}"},"query-input":{"@type":"PropertyValueSpecification","valueRequired":true,"valueName":"search_term_string"}}],"inLanguage":"fr-FR"},{"@type":"Organization","@id":"https:\/\/larnocom.net\/freelance\/#organization","name":"AD grahiste webdesigner freelance","alternateName":"Arnaud Decotte","url":"https:\/\/larnocom.net\/freelance\/","logo":{"@type":"ImageObject","inLanguage":"fr-FR","@id":"https:\/\/larnocom.net\/freelance\/#\/schema\/logo\/image\/","url":"https:\/\/larnocom.net\/freelance\/wp-content\/uploads\/2021\/05\/fb-ad.jpg","contentUrl":"https:\/\/larnocom.net\/freelance\/wp-content\/uploads\/2021\/05\/fb-ad.jpg","width":500,"height":500,"caption":"AD grahiste webdesigner freelance"},"image":{"@id":"https:\/\/larnocom.net\/freelance\/#\/schema\/logo\/image\/"},"sameAs":["https:\/\/www.facebook.com\/AD.freelance"]}]}},"_links":{"self":[{"href":"https:\/\/larnocom.net\/freelance\/wp-json\/wp\/v2\/pages\/1582","targetHints":{"allow":["GET"]}}],"collection":[{"href":"https:\/\/larnocom.net\/freelance\/wp-json\/wp\/v2\/pages"}],"about":[{"href":"https:\/\/larnocom.net\/freelance\/wp-json\/wp\/v2\/types\/page"}],"author":[{"embeddable":true,"href":"https:\/\/larnocom.net\/freelance\/wp-json\/wp\/v2\/users\/1"}],"replies":[{"embeddable":true,"href":"https:\/\/larnocom.net\/freelance\/wp-json\/wp\/v2\/comments?post=1582"}],"version-history":[{"count":5,"href":"https:\/\/larnocom.net\/freelance\/wp-json\/wp\/v2\/pages\/1582\/revisions"}],"predecessor-version":[{"id":2821,"href":"https:\/\/larnocom.net\/freelance\/wp-json\/wp\/v2\/pages\/1582\/revisions\/2821"}],"wp:attachment":[{"href":"https:\/\/larnocom.net\/freelance\/wp-json\/wp\/v2\/media?parent=1582"}],"curies":[{"name":"wp","href":"https:\/\/api.w.org\/{rel}","templated":true}]}}